{"id":2053,"date":"2024-04-30T06:19:27","date_gmt":"2024-04-30T06:19:27","guid":{"rendered":"https:\/\/tinaegolf.de\/?page_id=2053"},"modified":"2026-03-21T12:16:47","modified_gmt":"2026-03-21T12:16:47","slug":"ueber-mich","status":"publish","type":"page","link":"https:\/\/tinaegolf.de\/en\/ueber-mich\/","title":{"rendered":"About me"},"content":{"rendered":"<div data-elementor-type=\"wp-page\" data-elementor-id=\"2053\" class=\"elementor elementor-2053\" data-elementor-post-type=\"page\">\n\t\t\t\t<div class=\"elementor-element elementor-element-9e91e67 e-flex e-con-boxed e-con e-parent\" data-id=\"9e91e67\" data-element_type=\"container\" data-e-type=\"container\" data-settings=\"{&quot;background_background&quot;:&quot;classic&quot;}\">\n\t\t\t\t\t<div class=\"e-con-inner\">\n\t\t<div class=\"elementor-element elementor-element-cd9765a e-flex e-con-boxed e-con e-child\" data-id=\"cd9765a\" data-element_type=\"container\" data-e-type=\"container\" data-settings=\"{&quot;background_background&quot;:&quot;classic&quot;}\">\n\t\t\t\t\t<div class=\"e-con-inner\">\n\t\t\t\t<div class=\"elementor-element elementor-element-32b5b8c elementor-widget elementor-widget-heading\" data-id=\"32b5b8c\" data-element_type=\"widget\" data-e-type=\"widget\" data-widget_type=\"heading.default\">\n\t\t\t\t<div class=\"elementor-widget-container\">\n\t\t\t\t\t<h2 class=\"elementor-heading-title elementor-size-default\">About me<\/h2>\t\t\t\t<\/div>\n\t\t\t\t<\/div>\n\t\t\t\t<div class=\"elementor-element elementor-element-d33d8cd elementor-widget__width-initial elementor-widget elementor-widget-heading\" data-id=\"d33d8cd\" data-element_type=\"widget\" data-e-type=\"widget\" data-widget_type=\"heading.default\">\n\t\t\t\t<div class=\"elementor-widget-container\">\n\t\t\t\t\t<h1 class=\"elementor-heading-title elementor-size-default\">I help ambitious people who love their work not to be devoured by it.<\/h1>\t\t\t\t<\/div>\n\t\t\t\t<\/div>\n\t\t\t\t<div class=\"elementor-element elementor-element-fc9eee1 elementor-align-left elementor-mobile-align-center elementor-widget elementor-widget-button\" data-id=\"fc9eee1\" data-element_type=\"widget\" data-e-type=\"widget\" data-widget_type=\"button.default\">\n\t\t\t\t<div class=\"elementor-widget-container\">\n\t\t\t\t\t\t\t\t\t<div class=\"elementor-button-wrapper\">\n\t\t\t\t\t<a class=\"elementor-button elementor-button-link elementor-size-sm\" href=\"https:\/\/calendly.com\/tinaegolf\/coaching-intro-call\" target=\"_blank\">\n\t\t\t\t\t\t<span class=\"elementor-button-content-wrapper\">\n\t\t\t\t\t\t\t\t\t<span class=\"elementor-button-text\">Book Free Intro Call<\/span>\n\t\t\t\t\t<\/span>\n\t\t\t\t\t<\/a>\n\t\t\t\t<\/div>\n\t\t\t\t\t\t\t\t<\/div>\n\t\t\t\t<\/div>\n\t\t\t\t\t<\/div>\n\t\t\t\t<\/div>\n\t\t\t\t\t<\/div>\n\t\t\t\t<\/div>\n\t\t\t\t<section class=\"elementor-section elementor-top-section elementor-element elementor-element-b209b42 elementor-section-boxed elementor-section-height-default elementor-section-height-default\" data-id=\"b209b42\" data-element_type=\"section\" data-e-type=\"section\">\n\t\t\t\t\t\t<div class=\"elementor-container elementor-column-gap-default\">\n\t\t\t\t\t<div class=\"elementor-column elementor-col-100 elementor-top-column elementor-element elementor-element-783177c\" data-id=\"783177c\" data-element_type=\"column\" data-e-type=\"column\">\n\t\t\t<div class=\"elementor-widget-wrap elementor-element-populated\">\n\t\t\t\t\t\t<section class=\"elementor-section elementor-inner-section elementor-element elementor-element-9f26e58 elementor-section-boxed elementor-section-height-default elementor-section-height-default\" data-id=\"9f26e58\" data-element_type=\"section\" data-e-type=\"section\">\n\t\t\t\t\t\t<div class=\"elementor-container elementor-column-gap-default\">\n\t\t\t\t\t<div class=\"elementor-column elementor-col-100 elementor-inner-column elementor-element elementor-element-0a07388 stuck-outer\" data-id=\"0a07388\" data-element_type=\"column\" data-e-type=\"column\">\n\t\t\t<div class=\"elementor-widget-wrap elementor-element-populated\">\n\t\t\t\t\t\t<div class=\"elementor-element elementor-element-8f91305 elementor-widget elementor-widget-heading\" data-id=\"8f91305\" data-element_type=\"widget\" data-e-type=\"widget\" data-widget_type=\"heading.default\">\n\t\t\t\t<div class=\"elementor-widget-container\">\n\t\t\t\t\t<h2 class=\"elementor-heading-title elementor-size-default\">UnExpected<\/h2>\t\t\t\t<\/div>\n\t\t\t\t<\/div>\n\t\t\t\t<div class=\"elementor-element elementor-element-ab0449d elementor-widget elementor-widget-text-editor\" data-id=\"ab0449d\" data-element_type=\"widget\" data-e-type=\"widget\" data-widget_type=\"text-editor.default\">\n\t\t\t\t<div class=\"elementor-widget-container\">\n\t\t\t\t\t\t\t\t\t<p>My job is actually quite simple: I help my customers to meet themselves with open eyes.<\/p><p>Because if they manage to do that \u2013 uncover their blind spots \u2013 then they again have the power to make conscious authentic decisions. Pressure can become curiosity and stress can become passion again.<\/p><p>Since 2012 I have been dealing intensively with the psyche, its scars and functioning. This has resulted in a broad base of experience and expertise in the fields of psychology, system and behavior design, trauma, group and power dynamics, which is the basis of my work.<\/p><p>My clients include LBBW, Deutsche Bank, Carlsen, Audi, Signal Iduna, N26, CLAAS, Deutsche Telekom, N\u00fcrnberger Versicherung and many more.<\/p><p>How did I become an executive coach?<\/p><p>You could say \"I have over 500 hours of education and training\" if this answer didn't sound so trite and meaningless.<\/p><p>Ich lade dich daher ein, hinter den kalten Lebenslauf zu blicken und einen kleinen Teil meiner Geschichte zu erfahren.<\/p><p><!-- notionvc: ae2804ec-90fe-4faf-b303-0fcd0d2d9f00 --><\/p><p><!-- notionvc: 63f4461b-0c44-4907-b886-643f13137c81 --><\/p>\t\t\t\t\t\t\t\t<\/div>\n\t\t\t\t<\/div>\n\t\t\t\t\t<\/div>\n\t\t<\/div>\n\t\t\t\t\t<\/div>\n\t\t<\/section>\n\t\t\t\t<div class=\"elementor-element elementor-element-628595c elementor-widget elementor-widget-image\" data-id=\"628595c\" data-element_type=\"widget\" data-e-type=\"widget\" data-widget_type=\"image.default\">\n\t\t\t\t<div class=\"elementor-widget-container\">\n\t\t\t\t\t\t\t\t\t\t\t\t\t\t\t<img fetchpriority=\"high\" decoding=\"async\" width=\"556\" height=\"556\" src=\"https:\/\/tinaegolf.de\/wp-content\/uploads\/2024\/04\/Icon.jpg\" class=\"attachment-large size-large wp-image-1497\" alt=\"\" srcset=\"https:\/\/tinaegolf.de\/wp-content\/uploads\/2024\/04\/Icon.jpg 556w, https:\/\/tinaegolf.de\/wp-content\/uploads\/2024\/04\/Icon-300x300.jpg 300w, https:\/\/tinaegolf.de\/wp-content\/uploads\/2024\/04\/Icon-150x150.jpg 150w\" sizes=\"(max-width: 556px) 100vw, 556px\" \/>\t\t\t\t\t\t\t\t\t\t\t\t\t\t\t<\/div>\n\t\t\t\t<\/div>\n\t\t\t\t<div class=\"elementor-element elementor-element-9fee474 elementor-widget elementor-widget-heading\" data-id=\"9fee474\" data-element_type=\"widget\" data-e-type=\"widget\" data-widget_type=\"heading.default\">\n\t\t\t\t<div class=\"elementor-widget-container\">\n\t\t\t\t\t<h2 class=\"elementor-heading-title elementor-size-default\">Real<\/h2>\t\t\t\t<\/div>\n\t\t\t\t<\/div>\n\t\t\t\t<div class=\"elementor-element elementor-element-991d9e9 elementor-widget elementor-widget-text-editor\" data-id=\"991d9e9\" data-element_type=\"widget\" data-e-type=\"widget\" data-widget_type=\"text-editor.default\">\n\t\t\t\t<div class=\"elementor-widget-container\">\n\t\t\t\t\t\t\t\t\t<p>This story is unadorned and, one could say, \"typically German\". She is my answer to questions like \u201cWhy are you doing this?\u201d \u201cHow did you become an executive coach?\u201d\u00a0<\/p><p>I was a typical child of the southern German middle class. Pocket money was only available for good grades. Hard work and performance meant security. I spent the weekends at the age of 7, serving beer in my parents' restaurants. And my mother's favorite sentence was, \"Pull yourself together.\"<\/p><p>My childhood taught me: you have to be tough. You don't get anything for free. Working because it's fun? Feeling secure and valued without having done anything in return? The idea was unthinkable - at least for my parents. But I didn't want to settle for that.<\/p><p>There had to be another way than through sacrifice, excessive demands and stress.\u00a0<\/p><p>But how?<\/p><p>I was driven by this question - so much so that I wrote my Master's thesis on the connection between work and happiness - so much so that New Work became my topic for a few years and I became a jury member for the Xing NEW WORK Award, among other things.\u00a0<\/p><p>From the outside, all of it looked like change - but the voices in my head, fears and old beliefs continued to haunt me. And so it came as it had to: at the age of 35, I was at the end of my tether.<\/p><p>Too much work. Too much stress. What I wanted to get away from had caught up with me.\u00a0<\/p><p>The message was: Tina, explore your own blind spots first! And that's what I did and I still do. I'll be honest: This often really hurts, but in the end it's always the right decision.\u00a0<\/p><p>In the many years of my own experience and professional training, my sense of unconscious dynamics has been refined - until I was asked for \"coaching\" more and more often. So there was never the one moment in which I said: I will be an executive coach. What I am and do today has grown organically and is constantly evolving.<\/p><p>And if you don't just want to know \"Why?\", but also \"What for?\" I do this work:\u00a0<\/p><p>Because there is nothing more impressive than accompanying a person in discovering themselves in depth and seeing how they experience the power that comes with it.<\/p><p><!-- notionvc: 1ce2fb67-855a-4784-a475-0f1c22dd799b --><\/p><p><!-- notionvc: db090b0a-fc9a-4700-af8a-15229a60d7d4 --><\/p>\t\t\t\t\t\t\t\t<\/div>\n\t\t\t\t<\/div>\n\t\t\t\t\t<\/div>\n\t\t<\/div>\n\t\t\t\t\t<\/div>\n\t\t<\/section>\n\t\t<div class=\"elementor-element elementor-element-4d94ea6 e-flex e-con-boxed e-con e-parent\" data-id=\"4d94ea6\" data-element_type=\"container\" data-e-type=\"container\">\n\t\t\t\t\t<div class=\"e-con-inner\">\n\t\t<div class=\"elementor-element elementor-element-2630182 book-a-free-icon e-con-full e-flex e-con e-child\" data-id=\"2630182\" data-element_type=\"container\" data-e-type=\"container\" data-settings=\"{&quot;background_background&quot;:&quot;classic&quot;}\">\n\t\t\t\t<div class=\"elementor-element elementor-element-14a8f3b elementor-widget__width-initial elementor-widget elementor-widget-heading\" data-id=\"14a8f3b\" data-element_type=\"widget\" data-e-type=\"widget\" data-widget_type=\"heading.default\">\n\t\t\t\t<div class=\"elementor-widget-container\">\n\t\t\t\t\t<h2 class=\"elementor-heading-title elementor-size-default\">Shall I go on?<\/h2>\t\t\t\t<\/div>\n\t\t\t\t<\/div>\n\t\t\t\t<div class=\"elementor-element elementor-element-dd7109b elementor-align-center elementor-widget elementor-widget-button\" data-id=\"dd7109b\" data-element_type=\"widget\" data-e-type=\"widget\" data-widget_type=\"button.default\">\n\t\t\t\t<div class=\"elementor-widget-container\">\n\t\t\t\t\t\t\t\t\t<div class=\"elementor-button-wrapper\">\n\t\t\t\t\t<a class=\"elementor-button elementor-button-link elementor-size-sm\" href=\"https:\/\/calendly.com\/tinaegolf\/coaching-intro-call\" target=\"_blank\">\n\t\t\t\t\t\t<span class=\"elementor-button-content-wrapper\">\n\t\t\t\t\t\t\t\t\t<span class=\"elementor-button-text\">Great! Let's talk.<\/span>\n\t\t\t\t\t<\/span>\n\t\t\t\t\t<\/a>\n\t\t\t\t<\/div>\n\t\t\t\t\t\t\t\t<\/div>\n\t\t\t\t<\/div>\n\t\t\t\t<\/div>\n\t\t\t\t\t<\/div>\n\t\t\t\t<\/div>\n\t\t<div class=\"elementor-element elementor-element-484a8d5 macht-outer elementor-hidden-desktop elementor-hidden-tablet elementor-hidden-mobile e-flex e-con-boxed e-con e-parent\" data-id=\"484a8d5\" data-element_type=\"container\" data-e-type=\"container\" data-settings=\"{&quot;background_background&quot;:&quot;classic&quot;}\">\n\t\t\t\t\t<div class=\"e-con-inner\">\n\t\t<div class=\"elementor-element elementor-element-c7d1c46 e-con-full e-flex e-con e-child\" data-id=\"c7d1c46\" data-element_type=\"container\" data-e-type=\"container\">\n\t\t\t\t<div class=\"elementor-element elementor-element-25c8df5 elementor-widget elementor-widget-image\" data-id=\"25c8df5\" data-element_type=\"widget\" data-e-type=\"widget\" data-widget_type=\"image.default\">\n\t\t\t\t<div class=\"elementor-widget-container\">\n\t\t\t\t\t\t\t\t\t\t\t\t\t\t\t\t<a href=\"#\">\n\t\t\t\t\t\t\t<img decoding=\"async\" width=\"380\" height=\"318\" src=\"https:\/\/tinaegolf.de\/wp-content\/uploads\/2024\/04\/post-01.png\" class=\"attachment-large size-large wp-image-1690\" alt=\"\" srcset=\"https:\/\/tinaegolf.de\/wp-content\/uploads\/2024\/04\/post-01.png 380w, https:\/\/tinaegolf.de\/wp-content\/uploads\/2024\/04\/post-01-300x251.png 300w\" sizes=\"(max-width: 380px) 100vw, 380px\" \/>\t\t\t\t\t\t\t\t<\/a>\n\t\t\t\t\t\t\t\t\t\t\t\t\t\t\t<\/div>\n\t\t\t\t<\/div>\n\t\t\t\t<div class=\"elementor-element elementor-element-a3d8828 elementor-widget elementor-widget-heading\" data-id=\"a3d8828\" data-element_type=\"widget\" data-e-type=\"widget\" data-widget_type=\"heading.default\">\n\t\t\t\t<div class=\"elementor-widget-container\">\n\t\t\t\t\t<h2 class=\"elementor-heading-title elementor-size-default\">Macht vs Hierarchie<\/h2>\t\t\t\t<\/div>\n\t\t\t\t<\/div>\n\t\t\t\t<\/div>\n\t\t<div class=\"elementor-element elementor-element-be138a7 e-con-full e-flex e-con e-child\" data-id=\"be138a7\" data-element_type=\"container\" data-e-type=\"container\">\n\t\t\t\t<div class=\"elementor-element elementor-element-8b2bc52 elementor-widget elementor-widget-image\" data-id=\"8b2bc52\" data-element_type=\"widget\" data-e-type=\"widget\" data-widget_type=\"image.default\">\n\t\t\t\t<div class=\"elementor-widget-container\">\n\t\t\t\t\t\t\t\t\t\t\t\t\t\t\t\t<a href=\"#\">\n\t\t\t\t\t\t\t<img decoding=\"async\" width=\"380\" height=\"318\" src=\"https:\/\/tinaegolf.de\/wp-content\/uploads\/2024\/04\/post-01.png\" class=\"attachment-large size-large wp-image-1690\" alt=\"\" srcset=\"https:\/\/tinaegolf.de\/wp-content\/uploads\/2024\/04\/post-01.png 380w, https:\/\/tinaegolf.de\/wp-content\/uploads\/2024\/04\/post-01-300x251.png 300w\" sizes=\"(max-width: 380px) 100vw, 380px\" \/>\t\t\t\t\t\t\t\t<\/a>\n\t\t\t\t\t\t\t\t\t\t\t\t\t\t\t<\/div>\n\t\t\t\t<\/div>\n\t\t\t\t<div class=\"elementor-element elementor-element-3b6e821 elementor-widget elementor-widget-heading\" data-id=\"3b6e821\" data-element_type=\"widget\" data-e-type=\"widget\" data-widget_type=\"heading.default\">\n\t\t\t\t<div class=\"elementor-widget-container\">\n\t\t\t\t\t<h2 class=\"elementor-heading-title elementor-size-default\">Warum sollte ich an meinen Blind Spots arbeiten?<\/h2>\t\t\t\t<\/div>\n\t\t\t\t<\/div>\n\t\t\t\t<\/div>\n\t\t<div class=\"elementor-element elementor-element-cdf7dcf e-con-full e-flex e-con e-child\" data-id=\"cdf7dcf\" data-element_type=\"container\" data-e-type=\"container\">\n\t\t\t\t<div class=\"elementor-element elementor-element-fd35ec1 elementor-widget elementor-widget-image\" data-id=\"fd35ec1\" data-element_type=\"widget\" data-e-type=\"widget\" data-widget_type=\"image.default\">\n\t\t\t\t<div class=\"elementor-widget-container\">\n\t\t\t\t\t\t\t\t\t\t\t\t\t\t\t\t<a href=\"#\">\n\t\t\t\t\t\t\t<img decoding=\"async\" width=\"380\" height=\"318\" src=\"https:\/\/tinaegolf.de\/wp-content\/uploads\/2024\/04\/post-01.png\" class=\"attachment-large size-large wp-image-1690\" alt=\"\" srcset=\"https:\/\/tinaegolf.de\/wp-content\/uploads\/2024\/04\/post-01.png 380w, https:\/\/tinaegolf.de\/wp-content\/uploads\/2024\/04\/post-01-300x251.png 300w\" sizes=\"(max-width: 380px) 100vw, 380px\" \/>\t\t\t\t\t\t\t\t<\/a>\n\t\t\t\t\t\t\t\t\t\t\t\t\t\t\t<\/div>\n\t\t\t\t<\/div>\n\t\t\t\t<div class=\"elementor-element elementor-element-d0b273c elementor-widget elementor-widget-heading\" data-id=\"d0b273c\" data-element_type=\"widget\" data-e-type=\"widget\" data-widget_type=\"heading.default\">\n\t\t\t\t<div class=\"elementor-widget-container\">\n\t\t\t\t\t<h2 class=\"elementor-heading-title elementor-size-default\">Why do we spend so much on change management?<\/h2>\t\t\t\t<\/div>\n\t\t\t\t<\/div>\n\t\t\t\t<\/div>\n\t\t\t\t\t<\/div>\n\t\t\t\t<\/div>\n\t\t\t\t<\/div>","protected":false},"excerpt":{"rendered":"<p>\u00dcber mich Ich helfe ambitionierten Menschen, die ihren Job lieben, nicht daran kaputt zu gehen. Jetzt Kennenlerngespr\u00e4ch vereinbaren UnErwartet Mein Job ist eigentlich recht simpel: Ich helfen meinen Kund:innen, sich selbst mit offenen Augen zu begegnen. Denn wenn sie das schaffen \u2013 ihre blinden Flecken aufdecken \u2013 dann haben sie wieder die Macht, bewusst authentische [&hellip;]<\/p>\n","protected":false},"author":1,"featured_media":3571,"parent":0,"menu_order":0,"comment_status":"closed","ping_status":"closed","template":"","meta":{"iawp_total_views":987,"footnotes":""},"class_list":["post-2053","page","type-page","status-publish","has-post-thumbnail","hentry"],"yoast_head":"<!-- This site is optimized with the Yoast SEO plugin v27.4 - https:\/\/yoast.com\/product\/yoast-seo-wordpress\/ -->\n<title>\u00dcber mich | Tina Egolf<\/title>\n<meta name=\"description\" content=\"Ich bin spezialisiert auf die Arbeit mit unbewussten Dynamiken in beruflichen Kontexten - f\u00fcr F\u00fchrungskr\u00e4fte, Teams und Einzelpersonen\" \/>\n<meta name=\"robots\" content=\"index, follow, max-snippet:-1, max-image-preview:large, max-video-preview:-1\" \/>\n<link rel=\"canonical\" href=\"https:\/\/tinaegolf.de\/en\/ueber-mich\/\" \/>\n<meta property=\"og:locale\" content=\"en_US\" \/>\n<meta property=\"og:type\" content=\"article\" \/>\n<meta property=\"og:title\" content=\"\u00dcber mich | Tina Egolf\" \/>\n<meta property=\"og:description\" content=\"Ich bin spezialisiert auf die Arbeit mit unbewussten Dynamiken in beruflichen Kontexten - f\u00fcr F\u00fchrungskr\u00e4fte, Teams und Einzelpersonen\" \/>\n<meta property=\"og:url\" content=\"https:\/\/tinaegolf.de\/en\/ueber-mich\/\" \/>\n<meta property=\"og:site_name\" content=\"Tina Egolf\" \/>\n<meta property=\"article:modified_time\" content=\"2026-03-21T12:16:47+00:00\" \/>\n<meta property=\"og:image\" content=\"https:\/\/tinaegolf.de\/wp-content\/uploads\/2026\/03\/AboutMeHero.jpg\" \/>\n\t<meta property=\"og:image:width\" content=\"1920\" \/>\n\t<meta property=\"og:image:height\" content=\"1080\" \/>\n\t<meta property=\"og:image:type\" content=\"image\/jpeg\" \/>\n<meta name=\"twitter:card\" content=\"summary_large_image\" \/>\n<meta name=\"twitter:label1\" content=\"Est. reading time\" \/>\n\t<meta name=\"twitter:data1\" content=\"4 minutes\" \/>\n<script type=\"application\/ld+json\" class=\"yoast-schema-graph\">{\"@context\":\"https:\\\/\\\/schema.org\",\"@graph\":[{\"@type\":[\"WebPage\",\"AboutPage\"],\"@id\":\"https:\\\/\\\/tinaegolf.de\\\/ueber-mich\\\/\",\"url\":\"https:\\\/\\\/tinaegolf.de\\\/ueber-mich\\\/\",\"name\":\"\u00dcber mich | Tina Egolf\",\"isPartOf\":{\"@id\":\"https:\\\/\\\/tinaegolf.de\\\/#website\"},\"primaryImageOfPage\":{\"@id\":\"https:\\\/\\\/tinaegolf.de\\\/ueber-mich\\\/#primaryimage\"},\"image\":{\"@id\":\"https:\\\/\\\/tinaegolf.de\\\/ueber-mich\\\/#primaryimage\"},\"thumbnailUrl\":\"https:\\\/\\\/tinaegolf.de\\\/wp-content\\\/uploads\\\/2026\\\/03\\\/AboutMeHero.jpg\",\"datePublished\":\"2024-04-30T06:19:27+00:00\",\"dateModified\":\"2026-03-21T12:16:47+00:00\",\"description\":\"Ich bin spezialisiert auf die Arbeit mit unbewussten Dynamiken in beruflichen Kontexten - f\u00fcr F\u00fchrungskr\u00e4fte, Teams und Einzelpersonen\",\"breadcrumb\":{\"@id\":\"https:\\\/\\\/tinaegolf.de\\\/ueber-mich\\\/#breadcrumb\"},\"inLanguage\":\"en-US\",\"potentialAction\":[{\"@type\":\"ReadAction\",\"target\":[\"https:\\\/\\\/tinaegolf.de\\\/ueber-mich\\\/\"]}]},{\"@type\":\"ImageObject\",\"inLanguage\":\"en-US\",\"@id\":\"https:\\\/\\\/tinaegolf.de\\\/ueber-mich\\\/#primaryimage\",\"url\":\"https:\\\/\\\/tinaegolf.de\\\/wp-content\\\/uploads\\\/2026\\\/03\\\/AboutMeHero.jpg\",\"contentUrl\":\"https:\\\/\\\/tinaegolf.de\\\/wp-content\\\/uploads\\\/2026\\\/03\\\/AboutMeHero.jpg\",\"width\":1920,\"height\":1080},{\"@type\":\"BreadcrumbList\",\"@id\":\"https:\\\/\\\/tinaegolf.de\\\/ueber-mich\\\/#breadcrumb\",\"itemListElement\":[{\"@type\":\"ListItem\",\"position\":1,\"name\":\"Startseite\",\"item\":\"https:\\\/\\\/tinaegolf.de\\\/\"},{\"@type\":\"ListItem\",\"position\":2,\"name\":\"\u00dcber mich\"}]},{\"@type\":\"WebSite\",\"@id\":\"https:\\\/\\\/tinaegolf.de\\\/#website\",\"url\":\"https:\\\/\\\/tinaegolf.de\\\/\",\"name\":\"Tina Egolf | Executive Coaching\",\"description\":\"Executive + Somatic Coaching\",\"publisher\":{\"@id\":\"https:\\\/\\\/tinaegolf.de\\\/#\\\/schema\\\/person\\\/1c7560369f9f54c22aaff2403696eb09\"},\"alternateName\":\"Tina Egolf\",\"potentialAction\":[{\"@type\":\"SearchAction\",\"target\":{\"@type\":\"EntryPoint\",\"urlTemplate\":\"https:\\\/\\\/tinaegolf.de\\\/?s={search_term_string}\"},\"query-input\":{\"@type\":\"PropertyValueSpecification\",\"valueRequired\":true,\"valueName\":\"search_term_string\"}}],\"inLanguage\":\"en-US\"},{\"@type\":[\"Person\",\"Organization\"],\"@id\":\"https:\\\/\\\/tinaegolf.de\\\/#\\\/schema\\\/person\\\/1c7560369f9f54c22aaff2403696eb09\",\"name\":\"tinaegolf\",\"image\":{\"@type\":\"ImageObject\",\"inLanguage\":\"en-US\",\"@id\":\"https:\\\/\\\/tinaegolf.de\\\/wp-content\\\/uploads\\\/2021\\\/05\\\/Icon.jpg\",\"url\":\"https:\\\/\\\/tinaegolf.de\\\/wp-content\\\/uploads\\\/2021\\\/05\\\/Icon.jpg\",\"contentUrl\":\"https:\\\/\\\/tinaegolf.de\\\/wp-content\\\/uploads\\\/2021\\\/05\\\/Icon.jpg\",\"width\":556,\"height\":556,\"caption\":\"tinaegolf\"},\"logo\":{\"@id\":\"https:\\\/\\\/tinaegolf.de\\\/wp-content\\\/uploads\\\/2021\\\/05\\\/Icon.jpg\"},\"sameAs\":[\"https:\\\/\\\/tinaegolf.de\",\"https:\\\/\\\/www.linkedin.com\\\/in\\\/tinaegolf\\\/\"]}]}<\/script>\n<!-- \/ Yoast SEO plugin. -->","yoast_head_json":{"title":"\u00dcber mich | Tina Egolf","description":"Ich bin spezialisiert auf die Arbeit mit unbewussten Dynamiken in beruflichen Kontexten - f\u00fcr F\u00fchrungskr\u00e4fte, Teams und Einzelpersonen","robots":{"index":"index","follow":"follow","max-snippet":"max-snippet:-1","max-image-preview":"max-image-preview:large","max-video-preview":"max-video-preview:-1"},"canonical":"https:\/\/tinaegolf.de\/en\/ueber-mich\/","og_locale":"en_US","og_type":"article","og_title":"\u00dcber mich | Tina Egolf","og_description":"Ich bin spezialisiert auf die Arbeit mit unbewussten Dynamiken in beruflichen Kontexten - f\u00fcr F\u00fchrungskr\u00e4fte, Teams und Einzelpersonen","og_url":"https:\/\/tinaegolf.de\/en\/ueber-mich\/","og_site_name":"Tina Egolf","article_modified_time":"2026-03-21T12:16:47+00:00","og_image":[{"width":1920,"height":1080,"url":"https:\/\/tinaegolf.de\/wp-content\/uploads\/2026\/03\/AboutMeHero.jpg","type":"image\/jpeg"}],"twitter_card":"summary_large_image","twitter_misc":{"Est. reading time":"4 minutes"},"schema":{"@context":"https:\/\/schema.org","@graph":[{"@type":["WebPage","AboutPage"],"@id":"https:\/\/tinaegolf.de\/ueber-mich\/","url":"https:\/\/tinaegolf.de\/ueber-mich\/","name":"\u00dcber mich | Tina Egolf","isPartOf":{"@id":"https:\/\/tinaegolf.de\/#website"},"primaryImageOfPage":{"@id":"https:\/\/tinaegolf.de\/ueber-mich\/#primaryimage"},"image":{"@id":"https:\/\/tinaegolf.de\/ueber-mich\/#primaryimage"},"thumbnailUrl":"https:\/\/tinaegolf.de\/wp-content\/uploads\/2026\/03\/AboutMeHero.jpg","datePublished":"2024-04-30T06:19:27+00:00","dateModified":"2026-03-21T12:16:47+00:00","description":"Ich bin spezialisiert auf die Arbeit mit unbewussten Dynamiken in beruflichen Kontexten - f\u00fcr F\u00fchrungskr\u00e4fte, Teams und Einzelpersonen","breadcrumb":{"@id":"https:\/\/tinaegolf.de\/ueber-mich\/#breadcrumb"},"inLanguage":"en-US","potentialAction":[{"@type":"ReadAction","target":["https:\/\/tinaegolf.de\/ueber-mich\/"]}]},{"@type":"ImageObject","inLanguage":"en-US","@id":"https:\/\/tinaegolf.de\/ueber-mich\/#primaryimage","url":"https:\/\/tinaegolf.de\/wp-content\/uploads\/2026\/03\/AboutMeHero.jpg","contentUrl":"https:\/\/tinaegolf.de\/wp-content\/uploads\/2026\/03\/AboutMeHero.jpg","width":1920,"height":1080},{"@type":"BreadcrumbList","@id":"https:\/\/tinaegolf.de\/ueber-mich\/#breadcrumb","itemListElement":[{"@type":"ListItem","position":1,"name":"Startseite","item":"https:\/\/tinaegolf.de\/"},{"@type":"ListItem","position":2,"name":"\u00dcber mich"}]},{"@type":"WebSite","@id":"https:\/\/tinaegolf.de\/#website","url":"https:\/\/tinaegolf.de\/","name":"Tina Egolf | Executive Coaching","description":"Executive + Somatic Coaching","publisher":{"@id":"https:\/\/tinaegolf.de\/#\/schema\/person\/1c7560369f9f54c22aaff2403696eb09"},"alternateName":"Tina Egolf","potentialAction":[{"@type":"SearchAction","target":{"@type":"EntryPoint","urlTemplate":"https:\/\/tinaegolf.de\/?s={search_term_string}"},"query-input":{"@type":"PropertyValueSpecification","valueRequired":true,"valueName":"search_term_string"}}],"inLanguage":"en-US"},{"@type":["Person","Organization"],"@id":"https:\/\/tinaegolf.de\/#\/schema\/person\/1c7560369f9f54c22aaff2403696eb09","name":"tinaegolf","image":{"@type":"ImageObject","inLanguage":"en-US","@id":"https:\/\/tinaegolf.de\/wp-content\/uploads\/2021\/05\/Icon.jpg","url":"https:\/\/tinaegolf.de\/wp-content\/uploads\/2021\/05\/Icon.jpg","contentUrl":"https:\/\/tinaegolf.de\/wp-content\/uploads\/2021\/05\/Icon.jpg","width":556,"height":556,"caption":"tinaegolf"},"logo":{"@id":"https:\/\/tinaegolf.de\/wp-content\/uploads\/2021\/05\/Icon.jpg"},"sameAs":["https:\/\/tinaegolf.de","https:\/\/www.linkedin.com\/in\/tinaegolf\/"]}]}},"_links":{"self":[{"href":"https:\/\/tinaegolf.de\/en\/wp-json\/wp\/v2\/pages\/2053","targetHints":{"allow":["GET"]}}],"collection":[{"href":"https:\/\/tinaegolf.de\/en\/wp-json\/wp\/v2\/pages"}],"about":[{"href":"https:\/\/tinaegolf.de\/en\/wp-json\/wp\/v2\/types\/page"}],"author":[{"embeddable":true,"href":"https:\/\/tinaegolf.de\/en\/wp-json\/wp\/v2\/users\/1"}],"replies":[{"embeddable":true,"href":"https:\/\/tinaegolf.de\/en\/wp-json\/wp\/v2\/comments?post=2053"}],"version-history":[{"count":175,"href":"https:\/\/tinaegolf.de\/en\/wp-json\/wp\/v2\/pages\/2053\/revisions"}],"predecessor-version":[{"id":3659,"href":"https:\/\/tinaegolf.de\/en\/wp-json\/wp\/v2\/pages\/2053\/revisions\/3659"}],"wp:featuredmedia":[{"embeddable":true,"href":"https:\/\/tinaegolf.de\/en\/wp-json\/wp\/v2\/media\/3571"}],"wp:attachment":[{"href":"https:\/\/tinaegolf.de\/en\/wp-json\/wp\/v2\/media?parent=2053"}],"curies":[{"name":"wp","href":"https:\/\/api.w.org\/{rel}","templated":true}]}}