{"id":2504,"date":"2024-05-01T07:04:40","date_gmt":"2024-05-01T07:04:40","guid":{"rendered":"https:\/\/tinaegolf.de\/?page_id=2504"},"modified":"2026-04-09T14:28:03","modified_gmt":"2026-04-09T14:28:03","slug":"kontakt","status":"publish","type":"page","link":"https:\/\/tinaegolf.de\/en\/kontakt\/","title":{"rendered":"Contact"},"content":{"rendered":"\t\t<div data-elementor-type=\"wp-page\" data-elementor-id=\"2504\" class=\"elementor elementor-2504\" data-elementor-post-type=\"page\">\n\t\t\t\t\t\t<section class=\"elementor-section elementor-top-section elementor-element elementor-element-b44854c elementor-section-boxed elementor-section-height-default elementor-section-height-default\" data-id=\"b44854c\" data-element_type=\"section\" data-e-type=\"section\">\n\t\t\t\t\t\t<div class=\"elementor-container elementor-column-gap-default\">\n\t\t\t\t\t<div class=\"elementor-column elementor-col-100 elementor-top-column elementor-element elementor-element-569037c\" data-id=\"569037c\" data-element_type=\"column\" data-e-type=\"column\">\n\t\t\t<div class=\"elementor-widget-wrap elementor-element-populated\">\n\t\t\t\t\t\t<div class=\"elementor-element elementor-element-2ed8881 elementor-widget elementor-widget-heading\" data-id=\"2ed8881\" data-element_type=\"widget\" data-e-type=\"widget\" data-widget_type=\"heading.default\">\n\t\t\t\t<div class=\"elementor-widget-container\">\n\t\t\t\t\t<h3 class=\"elementor-heading-title elementor-size-default\">Kontakt<\/h3>\t\t\t\t<\/div>\n\t\t\t\t<\/div>\n\t\t\t\t<div class=\"elementor-element elementor-element-fe1ebe2 elementor-widget elementor-widget-text-editor\" data-id=\"fe1ebe2\" data-element_type=\"widget\" data-e-type=\"widget\" data-widget_type=\"text-editor.default\">\n\t\t\t\t<div class=\"elementor-widget-container\">\n\t\t\t\t\t\t\t\t\t<p style=\"text-align: center;\">Sie m\u00f6chte mehr \u00fcber mich und das Coaching mit mir erfahren und besprechen, wie ich Sie unterst\u00fctzen kann? Dann vereinbaren Sie einfach ein <strong>unverbindliches<\/strong> <strong>Kennenlerngespr\u00e4ch<\/strong>, bei dem wir gerne alle Fragen kl\u00e4ren k\u00f6nnen:<\/p>\t\t\t\t\t\t\t\t<\/div>\n\t\t\t\t<\/div>\n\t\t\t\t<div class=\"elementor-element elementor-element-cb163c4 elementor-widget elementor-widget-shortcode\" data-id=\"cb163c4\" data-element_type=\"widget\" data-e-type=\"widget\" data-widget_type=\"shortcode.default\">\n\t\t\t\t<div class=\"elementor-widget-container\">\n\t\t\t\t\t\t\t<div class=\"elementor-shortcode\"><!-- Calendly inline widget begin -->\n<div class=\"calendly-inline-widget\" data-url=\"https:\/\/calendly.com\/tinaegolf\/coaching-intro-call?hide_event_type_details=1&primary_color=5768b7\" style=\"min-width:320px;height:700px;\"><\/div>\n<script type=\"text\/javascript\" src=\"https:\/\/assets.calendly.com\/assets\/external\/widget.js\" async><\/script>\n<!-- Calendly inline widget end --><\/div>\n\t\t\t\t\t\t<\/div>\n\t\t\t\t<\/div>\n\t\t\t\t\t<\/div>\n\t\t<\/div>\n\t\t\t\t\t<\/div>\n\t\t<\/section>\n\t\t\t\t<section class=\"elementor-section elementor-top-section elementor-element elementor-element-55d7461 elementor-section-boxed elementor-section-height-default elementor-section-height-default\" data-id=\"55d7461\" data-element_type=\"section\" data-e-type=\"section\">\n\t\t\t\t\t\t<div class=\"elementor-container elementor-column-gap-default\">\n\t\t\t\t\t<div class=\"elementor-column elementor-col-100 elementor-top-column elementor-element elementor-element-eecc756\" data-id=\"eecc756\" data-element_type=\"column\" data-e-type=\"column\">\n\t\t\t<div class=\"elementor-widget-wrap elementor-element-populated\">\n\t\t\t\t\t\t<div class=\"elementor-element elementor-element-dd26cbf elementor-widget elementor-widget-text-editor\" data-id=\"dd26cbf\" data-element_type=\"widget\" data-e-type=\"widget\" data-widget_type=\"text-editor.default\">\n\t\t\t\t<div class=\"elementor-widget-container\">\n\t\t\t\t\t\t\t\t\t<p style=\"text-align: center; font-size: 20px;\"><strong>Andere Fragen und Anliegen<\/strong><\/p>\n<p style=\"text-align: center;\">Sie haben ein anderes Anliegen und m\u00f6chten beispielsweise mit mir \u00fcber eine Beratung im Kontext Ihres Unternehmens sprechen? Oder suchen Sie eine Speakerin f\u00fcr Ihr Event?<\/p>\n<p style=\"text-align: center;\">Dann schreiben Sie mir einfach eine kurze Nachricht. <br> Ich melde mich dann schnellstm\u00f6glich bei Ihnen.<\/p>\t\t\t\t\t\t\t\t<\/div>\n\t\t\t\t<\/div>\n\t\t\t\t<div class=\"elementor-element elementor-element-7ad64fe contact-outer elementor-button-align-stretch elementor-widget elementor-widget-form\" data-id=\"7ad64fe\" data-element_type=\"widget\" data-e-type=\"widget\" data-settings=\"{&quot;step_next_label&quot;:&quot;Next&quot;,&quot;step_previous_label&quot;:&quot;Previous&quot;,&quot;button_width&quot;:&quot;100&quot;,&quot;step_type&quot;:&quot;number_text&quot;,&quot;step_icon_shape&quot;:&quot;circle&quot;}\" data-widget_type=\"form.default\">\n\t\t\t\t<div class=\"elementor-widget-container\">\n\t\t\t\t\t\t\t<form class=\"elementor-form\" method=\"post\" name=\"New Form\" aria-label=\"New Form\">\n\t\t\t<input type=\"hidden\" name=\"post_id\" value=\"2504\"\/>\n\t\t\t<input type=\"hidden\" name=\"form_id\" value=\"7ad64fe\"\/>\n\t\t\t<input type=\"hidden\" name=\"referer_title\" value=\"Kontakt | Tina Egolf\" \/>\n\n\t\t\t\t\t\t\t<input type=\"hidden\" name=\"queried_id\" value=\"2504\"\/>\n\t\t\t\n\t\t\t<div class=\"elementor-form-fields-wrapper elementor-labels-\">\n\t\t\t\t\t\t\t\t<div class=\"elementor-field-type-text elementor-field-group elementor-column elementor-field-group-name elementor-col-100\">\n\t\t\t\t\t\t\t\t\t\t\t\t<label for=\"form-field-name\" class=\"elementor-field-label elementor-screen-only\">\n\t\t\t\t\t\t\t\tName\t\t\t\t\t\t\t<\/label>\n\t\t\t\t\t\t\t\t\t\t\t\t\t\t<input size=\"1\" type=\"text\" name=\"form_fields[name]\" id=\"form-field-name\" class=\"elementor-field elementor-size-sm  elementor-field-textual\" placeholder=\"Name\">\n\t\t\t\t\t\t\t\t\t\t\t<\/div>\n\t\t\t\t\t\t\t\t<div class=\"elementor-field-type-email elementor-field-group elementor-column elementor-field-group-email elementor-col-100 elementor-field-required\">\n\t\t\t\t\t\t\t\t\t\t\t\t<label for=\"form-field-email\" class=\"elementor-field-label elementor-screen-only\">\n\t\t\t\t\t\t\t\tEmail\t\t\t\t\t\t\t<\/label>\n\t\t\t\t\t\t\t\t\t\t\t\t\t\t<input size=\"1\" type=\"email\" name=\"form_fields[email]\" id=\"form-field-email\" class=\"elementor-field elementor-size-sm  elementor-field-textual\" placeholder=\"Email\" required=\"required\">\n\t\t\t\t\t\t\t\t\t\t\t<\/div>\n\t\t\t\t\t\t\t\t<div class=\"elementor-field-type-textarea elementor-field-group elementor-column elementor-field-group-message elementor-col-100\">\n\t\t\t\t\t\t\t\t\t\t\t\t<label for=\"form-field-message\" class=\"elementor-field-label elementor-screen-only\">\n\t\t\t\t\t\t\t\tMessage\t\t\t\t\t\t\t<\/label>\n\t\t\t\t\t\t<textarea class=\"elementor-field-textual elementor-field  elementor-size-sm\" name=\"form_fields[message]\" id=\"form-field-message\" rows=\"4\" placeholder=\"Nachricht\"><\/textarea>\t\t\t\t<\/div>\n\t\t\t\t\t\t\t\t<div class=\"elementor-field-type-recaptcha_v3 elementor-field-group elementor-column elementor-field-group-field_dae1789 elementor-col-100 recaptcha_v3-bottomleft\">\n\t\t\t\t\t<div class=\"elementor-field\" id=\"form-field-field_dae1789\"><div class=\"elementor-g-recaptcha\" data-sitekey=\"6LdMJ84aAAAAAAXbShnKsEiJDTfekpBigF5I1tjn\" data-type=\"v3\" data-action=\"Form\" data-badge=\"bottomleft\" data-size=\"invisible\"><\/div><\/div>\t\t\t\t<\/div>\n\t\t\t\t\t\t\t\t<div class=\"elementor-field-group elementor-column elementor-field-type-submit elementor-col-100 e-form__buttons\">\n\t\t\t\t\t<button class=\"elementor-button elementor-size-sm\" type=\"submit\">\n\t\t\t\t\t\t<span class=\"elementor-button-content-wrapper\">\n\t\t\t\t\t\t\t\t\t\t\t\t\t\t\t\t\t\t\t\t\t\t<span class=\"elementor-button-text\">Senden<\/span>\n\t\t\t\t\t\t\t\t\t\t\t\t\t<\/span>\n\t\t\t\t\t<\/button>\n\t\t\t\t<\/div>\n\t\t\t<\/div>\n\t\t<\/form>\n\t\t\t\t\t\t<\/div>\n\t\t\t\t<\/div>\n\t\t\t\t<div class=\"elementor-element elementor-element-040817b elementor-widget elementor-widget-text-editor\" data-id=\"040817b\" data-element_type=\"widget\" data-e-type=\"widget\" data-widget_type=\"text-editor.default\">\n\t\t\t\t<div class=\"elementor-widget-container\">\n\t\t\t\t\t\t\t\t\t<p style=\"text-align: center;\">Ich freue mich darauf, von Ihnen zu lesen!<\/p>\t\t\t\t\t\t\t\t<\/div>\n\t\t\t\t<\/div>\n\t\t\t\t\t<\/div>\n\t\t<\/div>\n\t\t\t\t\t<\/div>\n\t\t<\/section>\n\t\t\t\t<section class=\"elementor-section elementor-top-section elementor-element elementor-element-a1832d9 elementor-section-height-min-height elementor-section-content-middle elementor-section-full_width elementor-section-height-default elementor-section-items-middle\" data-id=\"a1832d9\" data-element_type=\"section\" data-e-type=\"section\" data-settings=\"{&quot;background_background&quot;:&quot;classic&quot;}\">\n\t\t\t\t\t\t\t<div class=\"elementor-background-overlay\"><\/div>\n\t\t\t\t\t\t\t<div class=\"elementor-container elementor-column-gap-default\">\n\t\t\t\t\t<div class=\"elementor-column elementor-col-100 elementor-top-column elementor-element elementor-element-0f48424\" data-id=\"0f48424\" data-element_type=\"column\" data-e-type=\"column\">\n\t\t\t<div class=\"elementor-widget-wrap\">\n\t\t\t\t\t\t\t<\/div>\n\t\t<\/div>\n\t\t\t\t\t<\/div>\n\t\t<\/section>\n\t\t\t\t<\/div>\n\t\t","protected":false},"excerpt":{"rendered":"<p>Executive Coaching f\u00fcr herausfordernde Zeiten | Jetzt Kennenlerngespr\u00e4ch vereinbaren!<\/p>","protected":false},"author":1,"featured_media":2929,"parent":0,"menu_order":0,"comment_status":"closed","ping_status":"closed","template":"","meta":{"iawp_total_views":225,"footnotes":""},"class_list":["post-2504","page","type-page","status-publish","has-post-thumbnail","hentry"],"yoast_head":"<!-- This site is optimized with the Yoast SEO plugin v27.4 - https:\/\/yoast.com\/product\/yoast-seo-wordpress\/ -->\n<title>Kontakt | Tina Egolf<\/title>\n<meta name=\"description\" content=\"Executive Coaching f\u00fcr herausfordernde Zeiten | Jetzt Kennenlerngespr\u00e4ch vereinbaren!\" \/>\n<meta name=\"robots\" content=\"noindex, nofollow\" \/>\n<meta property=\"og:locale\" content=\"en_US\" \/>\n<meta property=\"og:type\" content=\"article\" \/>\n<meta property=\"og:title\" content=\"Kontakt | Tina Egolf\" \/>\n<meta property=\"og:description\" content=\"Executive Coaching f\u00fcr herausfordernde Zeiten | Jetzt Kennenlerngespr\u00e4ch vereinbaren!\" \/>\n<meta property=\"og:url\" content=\"https:\/\/tinaegolf.de\/en\/kontakt\/\" \/>\n<meta property=\"og:site_name\" content=\"Tina Egolf\" \/>\n<meta property=\"article:modified_time\" content=\"2026-04-09T14:28:03+00:00\" \/>\n<meta property=\"og:image\" content=\"https:\/\/tinaegolf.de\/wp-content\/uploads\/2024\/05\/WebsiteDefault.jpg\" \/>\n\t<meta property=\"og:image:width\" content=\"1200\" \/>\n\t<meta property=\"og:image:height\" content=\"675\" \/>\n\t<meta property=\"og:image:type\" content=\"image\/jpeg\" \/>\n<meta name=\"twitter:card\" content=\"summary_large_image\" \/>\n<meta name=\"twitter:label1\" content=\"Est. reading time\" \/>\n\t<meta name=\"twitter:data1\" content=\"1 minute\" \/>\n<script type=\"application\/ld+json\" class=\"yoast-schema-graph\">{\"@context\":\"https:\\\/\\\/schema.org\",\"@graph\":[{\"@type\":[\"WebPage\",\"ContactPage\"],\"@id\":\"https:\\\/\\\/tinaegolf.de\\\/kontakt\\\/\",\"url\":\"https:\\\/\\\/tinaegolf.de\\\/kontakt\\\/\",\"name\":\"Kontakt | Tina Egolf\",\"isPartOf\":{\"@id\":\"https:\\\/\\\/tinaegolf.de\\\/#website\"},\"primaryImageOfPage\":{\"@id\":\"https:\\\/\\\/tinaegolf.de\\\/kontakt\\\/#primaryimage\"},\"image\":{\"@id\":\"https:\\\/\\\/tinaegolf.de\\\/kontakt\\\/#primaryimage\"},\"thumbnailUrl\":\"https:\\\/\\\/tinaegolf.de\\\/wp-content\\\/uploads\\\/2024\\\/05\\\/WebsiteDefault.jpg\",\"datePublished\":\"2024-05-01T07:04:40+00:00\",\"dateModified\":\"2026-04-09T14:28:03+00:00\",\"description\":\"Executive Coaching f\u00fcr herausfordernde Zeiten | Jetzt Kennenlerngespr\u00e4ch vereinbaren!\",\"breadcrumb\":{\"@id\":\"https:\\\/\\\/tinaegolf.de\\\/kontakt\\\/#breadcrumb\"},\"inLanguage\":\"en-US\",\"potentialAction\":[{\"@type\":\"ReadAction\",\"target\":[\"https:\\\/\\\/tinaegolf.de\\\/kontakt\\\/\"]}]},{\"@type\":\"ImageObject\",\"inLanguage\":\"en-US\",\"@id\":\"https:\\\/\\\/tinaegolf.de\\\/kontakt\\\/#primaryimage\",\"url\":\"https:\\\/\\\/tinaegolf.de\\\/wp-content\\\/uploads\\\/2024\\\/05\\\/WebsiteDefault.jpg\",\"contentUrl\":\"https:\\\/\\\/tinaegolf.de\\\/wp-content\\\/uploads\\\/2024\\\/05\\\/WebsiteDefault.jpg\",\"width\":1200,\"height\":675},{\"@type\":\"BreadcrumbList\",\"@id\":\"https:\\\/\\\/tinaegolf.de\\\/kontakt\\\/#breadcrumb\",\"itemListElement\":[{\"@type\":\"ListItem\",\"position\":1,\"name\":\"Startseite\",\"item\":\"https:\\\/\\\/tinaegolf.de\\\/\"},{\"@type\":\"ListItem\",\"position\":2,\"name\":\"Kontakt\"}]},{\"@type\":\"WebSite\",\"@id\":\"https:\\\/\\\/tinaegolf.de\\\/#website\",\"url\":\"https:\\\/\\\/tinaegolf.de\\\/\",\"name\":\"Tina Egolf | Executive Coaching\",\"description\":\"Executive + Somatic Coaching\",\"publisher\":{\"@id\":\"https:\\\/\\\/tinaegolf.de\\\/#\\\/schema\\\/person\\\/1c7560369f9f54c22aaff2403696eb09\"},\"alternateName\":\"Tina Egolf\",\"potentialAction\":[{\"@type\":\"SearchAction\",\"target\":{\"@type\":\"EntryPoint\",\"urlTemplate\":\"https:\\\/\\\/tinaegolf.de\\\/?s={search_term_string}\"},\"query-input\":{\"@type\":\"PropertyValueSpecification\",\"valueRequired\":true,\"valueName\":\"search_term_string\"}}],\"inLanguage\":\"en-US\"},{\"@type\":[\"Person\",\"Organization\"],\"@id\":\"https:\\\/\\\/tinaegolf.de\\\/#\\\/schema\\\/person\\\/1c7560369f9f54c22aaff2403696eb09\",\"name\":\"tinaegolf\",\"image\":{\"@type\":\"ImageObject\",\"inLanguage\":\"en-US\",\"@id\":\"https:\\\/\\\/tinaegolf.de\\\/wp-content\\\/uploads\\\/2021\\\/05\\\/Icon.jpg\",\"url\":\"https:\\\/\\\/tinaegolf.de\\\/wp-content\\\/uploads\\\/2021\\\/05\\\/Icon.jpg\",\"contentUrl\":\"https:\\\/\\\/tinaegolf.de\\\/wp-content\\\/uploads\\\/2021\\\/05\\\/Icon.jpg\",\"width\":556,\"height\":556,\"caption\":\"tinaegolf\"},\"logo\":{\"@id\":\"https:\\\/\\\/tinaegolf.de\\\/wp-content\\\/uploads\\\/2021\\\/05\\\/Icon.jpg\"},\"sameAs\":[\"https:\\\/\\\/tinaegolf.de\",\"https:\\\/\\\/www.linkedin.com\\\/in\\\/tinaegolf\\\/\"]}]}<\/script>\n<!-- \/ Yoast SEO plugin. -->","yoast_head_json":{"title":"Kontakt | Tina Egolf","description":"Executive Coaching f\u00fcr herausfordernde Zeiten | Jetzt Kennenlerngespr\u00e4ch vereinbaren!","robots":{"index":"noindex","follow":"nofollow"},"og_locale":"en_US","og_type":"article","og_title":"Kontakt | Tina Egolf","og_description":"Executive Coaching f\u00fcr herausfordernde Zeiten | Jetzt Kennenlerngespr\u00e4ch vereinbaren!","og_url":"https:\/\/tinaegolf.de\/en\/kontakt\/","og_site_name":"Tina Egolf","article_modified_time":"2026-04-09T14:28:03+00:00","og_image":[{"width":1200,"height":675,"url":"https:\/\/tinaegolf.de\/wp-content\/uploads\/2024\/05\/WebsiteDefault.jpg","type":"image\/jpeg"}],"twitter_card":"summary_large_image","twitter_misc":{"Est. reading time":"1 minute"},"schema":{"@context":"https:\/\/schema.org","@graph":[{"@type":["WebPage","ContactPage"],"@id":"https:\/\/tinaegolf.de\/kontakt\/","url":"https:\/\/tinaegolf.de\/kontakt\/","name":"Kontakt | Tina Egolf","isPartOf":{"@id":"https:\/\/tinaegolf.de\/#website"},"primaryImageOfPage":{"@id":"https:\/\/tinaegolf.de\/kontakt\/#primaryimage"},"image":{"@id":"https:\/\/tinaegolf.de\/kontakt\/#primaryimage"},"thumbnailUrl":"https:\/\/tinaegolf.de\/wp-content\/uploads\/2024\/05\/WebsiteDefault.jpg","datePublished":"2024-05-01T07:04:40+00:00","dateModified":"2026-04-09T14:28:03+00:00","description":"Executive Coaching f\u00fcr herausfordernde Zeiten | Jetzt Kennenlerngespr\u00e4ch vereinbaren!","breadcrumb":{"@id":"https:\/\/tinaegolf.de\/kontakt\/#breadcrumb"},"inLanguage":"en-US","potentialAction":[{"@type":"ReadAction","target":["https:\/\/tinaegolf.de\/kontakt\/"]}]},{"@type":"ImageObject","inLanguage":"en-US","@id":"https:\/\/tinaegolf.de\/kontakt\/#primaryimage","url":"https:\/\/tinaegolf.de\/wp-content\/uploads\/2024\/05\/WebsiteDefault.jpg","contentUrl":"https:\/\/tinaegolf.de\/wp-content\/uploads\/2024\/05\/WebsiteDefault.jpg","width":1200,"height":675},{"@type":"BreadcrumbList","@id":"https:\/\/tinaegolf.de\/kontakt\/#breadcrumb","itemListElement":[{"@type":"ListItem","position":1,"name":"Startseite","item":"https:\/\/tinaegolf.de\/"},{"@type":"ListItem","position":2,"name":"Kontakt"}]},{"@type":"WebSite","@id":"https:\/\/tinaegolf.de\/#website","url":"https:\/\/tinaegolf.de\/","name":"Tina Egolf | Executive Coaching","description":"Executive + Somatic Coaching","publisher":{"@id":"https:\/\/tinaegolf.de\/#\/schema\/person\/1c7560369f9f54c22aaff2403696eb09"},"alternateName":"Tina Egolf","potentialAction":[{"@type":"SearchAction","target":{"@type":"EntryPoint","urlTemplate":"https:\/\/tinaegolf.de\/?s={search_term_string}"},"query-input":{"@type":"PropertyValueSpecification","valueRequired":true,"valueName":"search_term_string"}}],"inLanguage":"en-US"},{"@type":["Person","Organization"],"@id":"https:\/\/tinaegolf.de\/#\/schema\/person\/1c7560369f9f54c22aaff2403696eb09","name":"tinaegolf","image":{"@type":"ImageObject","inLanguage":"en-US","@id":"https:\/\/tinaegolf.de\/wp-content\/uploads\/2021\/05\/Icon.jpg","url":"https:\/\/tinaegolf.de\/wp-content\/uploads\/2021\/05\/Icon.jpg","contentUrl":"https:\/\/tinaegolf.de\/wp-content\/uploads\/2021\/05\/Icon.jpg","width":556,"height":556,"caption":"tinaegolf"},"logo":{"@id":"https:\/\/tinaegolf.de\/wp-content\/uploads\/2021\/05\/Icon.jpg"},"sameAs":["https:\/\/tinaegolf.de","https:\/\/www.linkedin.com\/in\/tinaegolf\/"]}]}},"_links":{"self":[{"href":"https:\/\/tinaegolf.de\/en\/wp-json\/wp\/v2\/pages\/2504","targetHints":{"allow":["GET"]}}],"collection":[{"href":"https:\/\/tinaegolf.de\/en\/wp-json\/wp\/v2\/pages"}],"about":[{"href":"https:\/\/tinaegolf.de\/en\/wp-json\/wp\/v2\/types\/page"}],"author":[{"embeddable":true,"href":"https:\/\/tinaegolf.de\/en\/wp-json\/wp\/v2\/users\/1"}],"replies":[{"embeddable":true,"href":"https:\/\/tinaegolf.de\/en\/wp-json\/wp\/v2\/comments?post=2504"}],"version-history":[{"count":81,"href":"https:\/\/tinaegolf.de\/en\/wp-json\/wp\/v2\/pages\/2504\/revisions"}],"predecessor-version":[{"id":3645,"href":"https:\/\/tinaegolf.de\/en\/wp-json\/wp\/v2\/pages\/2504\/revisions\/3645"}],"wp:featuredmedia":[{"embeddable":true,"href":"https:\/\/tinaegolf.de\/en\/wp-json\/wp\/v2\/media\/2929"}],"wp:attachment":[{"href":"https:\/\/tinaegolf.de\/en\/wp-json\/wp\/v2\/media?parent=2504"}],"curies":[{"name":"wp","href":"https:\/\/api.w.org\/{rel}","templated":true}]}}